{"id":790,"date":"2026-03-17T15:22:23","date_gmt":"2026-03-17T14:22:23","guid":{"rendered":"http:\/\/35.180.19.34\/?page_id=790"},"modified":"2026-04-10T12:42:41","modified_gmt":"2026-04-10T11:42:41","slug":"aviso-legal","status":"publish","type":"page","link":"https:\/\/nomehablesdetulibro.com\/en\/aviso-legal\/","title":{"rendered":"Aviso legal"},"content":{"rendered":"\t\t<div data-elementor-type=\"wp-page\" data-elementor-id=\"790\" class=\"elementor elementor-790\" data-elementor-post-type=\"page\">\n\t\t\t\t<div class=\"elementor-element elementor-element-9f3693f e-flex e-con-boxed e-con e-parent\" data-id=\"9f3693f\" data-element_type=\"container\" data-e-type=\"container\" data-settings=\"{&quot;background_background&quot;:&quot;gradient&quot;}\">\n\t\t\t\t\t<div class=\"e-con-inner\">\n\t\t\t\t<div class=\"elementor-element elementor-element-9ba7691 elementor-widget elementor-widget-heading\" data-id=\"9ba7691\" data-element_type=\"widget\" data-e-type=\"widget\" data-widget_type=\"heading.default\">\n\t\t\t\t\t<h1 class=\"elementor-heading-title elementor-size-default\">AVISO LEGAL<\/h1>\t\t\t\t<\/div>\n\t\t\t\t<div class=\"elementor-element elementor-element-e5b6c7d elementor-widget elementor-widget-text-editor\" data-id=\"e5b6c7d\" data-element_type=\"widget\" data-e-type=\"widget\" data-widget_type=\"text-editor.default\">\n\t\t\t\t\t\t\t\t\t<p class=\"font-claude-response-body break-words whitespace-normal leading-[1.7]\"><strong>\u00daltima actualizaci\u00f3n: abril de 2026<\/strong><\/p>\t\t\t\t\t\t\t\t<\/div>\n\t\t<div class=\"elementor-element elementor-element-5eb7d1d e-con-full e-flex e-con e-child\" data-id=\"5eb7d1d\" data-element_type=\"container\" data-e-type=\"container\" data-settings=\"{&quot;background_background&quot;:&quot;classic&quot;}\">\n\t\t\t\t<\/div>\n\t\t\t\t<div class=\"elementor-element elementor-element-f6246cf elementor-widget elementor-widget-text-editor\" data-id=\"f6246cf\" data-element_type=\"widget\" data-e-type=\"widget\" data-widget_type=\"text-editor.default\">\n\t\t\t\t\t\t\t\t\t<h3>1. Datos identificativos del titular<\/h3>\nEn cumplimiento del art\u00edculo 10 de la Ley 34\/2002, de 11 de julio, de Servicios de la Sociedad de la Informaci\u00f3n y de Comercio Electr\u00f3nico (LSSICE), se informa de los siguientes datos del titular de este sitio web:\n<ul>\n \t<li style=\"list-style-type: none;\">\n<ul>\n \t<li><strong>Nombre o raz\u00f3n social:<\/strong> [Nombre completo \/ Raz\u00f3n social]<\/li>\n \t<li><strong>NIF \/ CIF:<\/strong> [NIF o CIF]<\/li>\n \t<li><strong>Domicilio:<\/strong> [Direcci\u00f3n completa], [Localidad], [Provincia], [Pa\u00eds]<\/li>\n \t<li><strong>Correo electr\u00f3nico:<\/strong> <a href=\"mailto:nomehablesdetulibro@gmail.com\">nomehablesdetulibro@gmail.com<\/a><\/li>\n \t<li><strong>Sitio web:<\/strong> <a href=\"https:\/\/nomehablesdetulibro.com\">nomehablesdetulibro.com<\/a><\/li>\n<\/ul>\n<\/li>\n<\/ul>\n<!-- Si es empresa, a\u00f1adir tambi\u00e9n: -->\n<!--\n \t<li><strong>Registro Mercantil:<\/strong> [datos de inscripci\u00f3n]<\/li>\n-->\n<h3><\/h3>\n<h3>2. Objeto y \u00e1mbito de aplicaci\u00f3n<\/h3>\nEl presente Aviso Legal regula el acceso y uso del sitio web <strong>nomehablesdetulibro.com<\/strong> (en adelante, \u00abla web\u00bb), titularidad de la persona o entidad indicada en el apartado anterior.\n\nEl acceso a la web implica la aceptaci\u00f3n plena y sin reservas de las condiciones recogidas en este Aviso Legal. Si no est\u00e1s de acuerdo con alguna de ellas, te rogamos que abandones la web.\n<h3><\/h3>\n<h3>3. Propiedad intelectual e industrial<\/h3>\nTodos los contenidos de esta web \u2014incluyendo, a t\u00edtulo enunciativo y no limitativo, textos, im\u00e1genes, logotipos, v\u00eddeos, audios, dise\u00f1o gr\u00e1fico, c\u00f3digo fuente y estructura\u2014 son propiedad del titular o de terceros que han autorizado su uso, y est\u00e1n protegidos por la normativa espa\u00f1ola e internacional sobre propiedad intelectual e industrial.\n\nQueda expresamente prohibida la reproducci\u00f3n, distribuci\u00f3n, comunicaci\u00f3n p\u00fablica o transformaci\u00f3n de dichos contenidos sin autorizaci\u00f3n previa y por escrito del titular, salvo que la ley lo permita expresamente.\n\nEl nombre <strong>No Me Hables de Tu Libro<\/strong> y las siglas <strong>NMHDTL<\/strong>, as\u00ed como cualquier marca, logo o denominaci\u00f3n distintiva asociada, son titularidad del responsable de la web. Su uso no autorizado constituye una infracci\u00f3n de los derechos de propiedad industrial.\n<h3><\/h3>\n<h3>4. Condiciones de uso<\/h3>\nEl usuario se compromete a hacer un uso l\u00edcito, honesto y respetuoso de la web y de sus contenidos, absteni\u00e9ndose de:\n<ul>\n \t<li>Usar la web con fines il\u00edcitos o contrarios a la moral y al orden p\u00fablico.<\/li>\n \t<li>Reproducir, copiar o explotar comercialmente los contenidos sin autorizaci\u00f3n.<\/li>\n \t<li>Introducir o difundir virus u otros elementos da\u00f1inos que puedan alterar el funcionamiento de la web.<\/li>\n \t<li>Llevar a cabo acciones que puedan da\u00f1ar la imagen o los intereses del titular.<\/li>\n<\/ul>\n<h3><\/h3>\n<h3>5. Enlaces a terceros<\/h3>\nLa web puede contener enlaces a sitios externos (como Spotify, YouTube u otras plataformas). El titular no se hace responsable del contenido, la disponibilidad ni las pol\u00edticas de privacidad de dichos sitios. La inclusi\u00f3n de un enlace no implica ning\u00fan tipo de endorsement o relaci\u00f3n comercial con el sitio enlazado.\n<h3><\/h3>\n<h3>6. Exclusi\u00f3n de responsabilidad<\/h3>\nEl titular no garantiza la disponibilidad continua e ininterrumpida de la web, ni la ausencia de errores en sus contenidos. Se reserva el derecho a modificar, suspender o interrumpir el acceso a la web en cualquier momento y sin previo aviso.\n\nEl titular no ser\u00e1 responsable de los da\u00f1os o perjuicios que pudieran derivarse del uso de la web o de la imposibilidad de acceder a ella.\n<h3><\/h3>\n<h3>7. Protecci\u00f3n de datos<\/h3>\nEl tratamiento de los datos personales que el usuario facilite a trav\u00e9s de esta web se rige por la <a href=\"https:\/\/nomehablesdetulibro.com\/politica-de-privacidad\/\">Pol\u00edtica de Privacidad<\/a>, que forma parte integrante de este Aviso Legal y a la que te remitimos para m\u00e1s informaci\u00f3n.\n<h3><\/h3>\n<h3>8. Legislaci\u00f3n aplicable y jurisdicci\u00f3n<\/h3>\nEste Aviso Legal se rige por la legislaci\u00f3n espa\u00f1ola vigente. Para la resoluci\u00f3n de cualquier controversia derivada del acceso o uso de esta web, las partes se someten, con renuncia expresa a cualquier otro fuero que pudiera corresponderles, a los Juzgados y Tribunales de <strong>[ciudad del domicilio del titular]<\/strong>.\t\t\t\t\t\t\t\t<\/div>\n\t\t\t\t\t<\/div>\n\t\t\t\t<\/div>\n\t\t\t\t<\/div>\n\t\t","protected":false},"excerpt":{"rendered":"<p>AVISO LEGAL \u00daltima actualizaci\u00f3n: abril de 2026 1. Datos identificativos del titular En cumplimiento del art\u00edculo 10 de la Ley 34\/2002, de 11 de julio, de Servicios de la Sociedad de la Informaci\u00f3n y de Comercio Electr\u00f3nico (LSSICE), se informa de los siguientes datos del titular de este sitio web: Nombre o raz\u00f3n social: [Nombre [&hellip;]<\/p>\n","protected":false},"author":1,"featured_media":0,"parent":0,"menu_order":0,"comment_status":"closed","ping_status":"closed","template":"","meta":{"footnotes":""},"class_list":["post-790","page","type-page","status-publish","hentry"],"_links":{"self":[{"href":"https:\/\/nomehablesdetulibro.com\/en\/wp-json\/wp\/v2\/pages\/790","targetHints":{"allow":["GET"]}}],"collection":[{"href":"https:\/\/nomehablesdetulibro.com\/en\/wp-json\/wp\/v2\/pages"}],"about":[{"href":"https:\/\/nomehablesdetulibro.com\/en\/wp-json\/wp\/v2\/types\/page"}],"author":[{"embeddable":true,"href":"https:\/\/nomehablesdetulibro.com\/en\/wp-json\/wp\/v2\/users\/1"}],"replies":[{"embeddable":true,"href":"https:\/\/nomehablesdetulibro.com\/en\/wp-json\/wp\/v2\/comments?post=790"}],"version-history":[{"count":4,"href":"https:\/\/nomehablesdetulibro.com\/en\/wp-json\/wp\/v2\/pages\/790\/revisions"}],"predecessor-version":[{"id":3491,"href":"https:\/\/nomehablesdetulibro.com\/en\/wp-json\/wp\/v2\/pages\/790\/revisions\/3491"}],"wp:attachment":[{"href":"https:\/\/nomehablesdetulibro.com\/en\/wp-json\/wp\/v2\/media?parent=790"}],"curies":[{"name":"wp","href":"https:\/\/api.w.org\/{rel}","templated":true}]}}